{"id":3269,"date":"2024-04-16T21:24:23","date_gmt":"2024-04-16T21:24:23","guid":{"rendered":"https:\/\/www.pedrobrito.eu\/wp\/?page_id=3269"},"modified":"2024-04-19T14:00:55","modified_gmt":"2024-04-19T14:00:55","slug":"educacao-ilustracao","status":"publish","type":"page","link":"https:\/\/www.pedrobrito.eu\/wp\/educacao-ilustracao\/","title":{"rendered":"EDUCA\u00c7\u00c3O &#8211; ilustra\u00e7\u00e3o"},"content":{"rendered":"\n<div class=\"wp-block-group alignwide\"><div class=\"wp-block-group__inner-container is-layout-constrained wp-block-group-is-layout-constrained\">\n<div class=\"wp-block-columns is-layout-flex wp-container-core-columns-is-layout-9d6595d7 wp-block-columns-is-layout-flex\" id=\"politico\">\n<div class=\"wp-block-column is-layout-flow wp-block-column-is-layout-flow\">\n<figure class=\"wp-block-image size-full\"><img loading=\"lazy\" decoding=\"async\" width=\"1200\" height=\"1698\" src=\"https:\/\/www.pedrobrito.eu\/wp\/wp-content\/uploads\/2024\/04\/Joao-costa-demissao.jpg\" alt=\"\" class=\"wp-image-3274\" srcset=\"https:\/\/www.pedrobrito.eu\/wp\/wp-content\/uploads\/2024\/04\/Joao-costa-demissao.jpg 1200w, https:\/\/www.pedrobrito.eu\/wp\/wp-content\/uploads\/2024\/04\/Joao-costa-demissao-212x300.jpg 212w, https:\/\/www.pedrobrito.eu\/wp\/wp-content\/uploads\/2024\/04\/Joao-costa-demissao-1086x1536.jpg 1086w, https:\/\/www.pedrobrito.eu\/wp\/wp-content\/uploads\/2024\/04\/Joao-costa-demissao-400x566.jpg 400w, https:\/\/www.pedrobrito.eu\/wp\/wp-content\/uploads\/2024\/04\/Joao-costa-demissao-800x1132.jpg 800w\" sizes=\"auto, (max-width: 1200px) 100vw, 1200px\" \/><figcaption class=\"wp-element-caption\">Demiss\u00e3o &#8211; Ministro da Educa\u00e7\u00e3o<\/figcaption><\/figure>\n\n\n\n<figure class=\"wp-block-image size-full\"><img loading=\"lazy\" decoding=\"async\" width=\"598\" height=\"796\" src=\"https:\/\/www.pedrobrito.eu\/wp\/wp-content\/uploads\/2023\/11\/IMG_9104.png\" alt=\"\" class=\"wp-image-1924\" srcset=\"https:\/\/www.pedrobrito.eu\/wp\/wp-content\/uploads\/2023\/11\/IMG_9104.png 598w, https:\/\/www.pedrobrito.eu\/wp\/wp-content\/uploads\/2023\/11\/IMG_9104-225x300.png 225w, https:\/\/www.pedrobrito.eu\/wp\/wp-content\/uploads\/2023\/11\/IMG_9104-400x532.png 400w\" sizes=\"auto, (max-width: 598px) 100vw, 598px\" \/><figcaption class=\"wp-element-caption\">10 de junho &#8211; Dia de Portugal<\/figcaption><\/figure>\n\n\n\n<figure data-wp-context=\"{&quot;imageId&quot;:&quot;69e8c138d7b50&quot;}\" data-wp-interactive=\"core\/image\" data-wp-key=\"69e8c138d7b50\" class=\"wp-block-image size-full wp-lightbox-container\"><img loading=\"lazy\" decoding=\"async\" width=\"754\" height=\"1024\" data-wp-class--hide=\"state.isContentHidden\" data-wp-class--show=\"state.isContentVisible\" data-wp-init=\"callbacks.setButtonStyles\" data-wp-on--click=\"actions.showLightbox\" data-wp-on--load=\"callbacks.setButtonStyles\" data-wp-on-window--resize=\"callbacks.setButtonStyles\" src=\"https:\/\/www.pedrobrito.eu\/wp\/wp-content\/uploads\/2023\/05\/AA7C037A-1CAA-433E-82B0-99A879D1C3EE.png\" alt=\"Ovibeja\" class=\"wp-image-1795\" srcset=\"https:\/\/www.pedrobrito.eu\/wp\/wp-content\/uploads\/2023\/05\/AA7C037A-1CAA-433E-82B0-99A879D1C3EE.png 754w, https:\/\/www.pedrobrito.eu\/wp\/wp-content\/uploads\/2023\/05\/AA7C037A-1CAA-433E-82B0-99A879D1C3EE-221x300.png 221w\" sizes=\"auto, (max-width: 754px) 100vw, 754px\" \/><button\n\t\t\tclass=\"lightbox-trigger\"\n\t\t\ttype=\"button\"\n\t\t\taria-haspopup=\"dialog\"\n\t\t\taria-label=\"Ampliar\"\n\t\t\tdata-wp-init=\"callbacks.initTriggerButton\"\n\t\t\tdata-wp-on--click=\"actions.showLightbox\"\n\t\t\tdata-wp-style--right=\"state.imageButtonRight\"\n\t\t\tdata-wp-style--top=\"state.imageButtonTop\"\n\t\t>\n\t\t\t<svg xmlns=\"http:\/\/www.w3.org\/2000\/svg\" width=\"12\" height=\"12\" fill=\"none\" viewBox=\"0 0 12 12\">\n\t\t\t\t<path fill=\"#fff\" d=\"M2 0a2 2 0 0 0-2 2v2h1.5V2a.5.5 0 0 1 .5-.5h2V0H2Zm2 10.5H2a.5.5 0 0 1-.5-.5V8H0v2a2 2 0 0 0 2 2h2v-1.5ZM8 12v-1.5h2a.5.5 0 0 0 .5-.5V8H12v2a2 2 0 0 1-2 2H8Zm2-12a2 2 0 0 1 2 2v2h-1.5V2a.5.5 0 0 0-.5-.5H8V0h2Z\" \/>\n\t\t\t<\/svg>\n\t\t<\/button><figcaption class=\"wp-element-caption\">Ovibeja &#8211; Marcelo e os professores<\/figcaption><\/figure>\n\n\n\n<figure class=\"wp-block-image size-full\"><img loading=\"lazy\" decoding=\"async\" width=\"1200\" height=\"1061\" src=\"https:\/\/www.pedrobrito.eu\/wp\/wp-content\/uploads\/2020\/11\/alunos-covid.jpg\" alt=\"\" class=\"wp-image-1483\" srcset=\"https:\/\/www.pedrobrito.eu\/wp\/wp-content\/uploads\/2020\/11\/alunos-covid.jpg 1200w, https:\/\/www.pedrobrito.eu\/wp\/wp-content\/uploads\/2020\/11\/alunos-covid-300x265.jpg 300w, https:\/\/www.pedrobrito.eu\/wp\/wp-content\/uploads\/2020\/11\/alunos-covid-452x400.jpg 452w\" sizes=\"auto, (max-width: 1200px) 100vw, 1200px\" \/><figcaption class=\"wp-element-caption\">Alunos COVID<\/figcaption><\/figure>\n\n\n\n<figure class=\"wp-block-image size-full\"><img loading=\"lazy\" decoding=\"async\" width=\"957\" height=\"960\" src=\"https:\/\/www.pedrobrito.eu\/wp\/wp-content\/uploads\/2020\/10\/img_7255.jpg\" alt=\"\" class=\"wp-image-1435\" srcset=\"https:\/\/www.pedrobrito.eu\/wp\/wp-content\/uploads\/2020\/10\/img_7255.jpg 957w, https:\/\/www.pedrobrito.eu\/wp\/wp-content\/uploads\/2020\/10\/img_7255-300x300.jpg 300w, https:\/\/www.pedrobrito.eu\/wp\/wp-content\/uploads\/2020\/10\/img_7255-200x200.jpg 200w, https:\/\/www.pedrobrito.eu\/wp\/wp-content\/uploads\/2020\/10\/img_7255-399x400.jpg 399w\" sizes=\"auto, (max-width: 957px) 100vw, 957px\" \/><figcaption class=\"wp-element-caption\">Vai ficar tudo bem!<\/figcaption><\/figure>\n\n\n\n<p class=\"has-small-font-size\">\u201cvai Ficar Tudo Bem\u201d, pertence a um projeto de interven\u00e7\u00e3o\/conscencializa\u00e7\u00e3o social acerca das contradi\u00e7\u00f5es que se vive nas escolas portuguesas em tempo de pandemia. O discurso \u201causente\u201d e contradit\u00f3rio da tutela \u00e9 elemento central nesta ilustra\u00e7\u00e3o<\/p>\n\n\n\n<figure data-wp-context=\"{&quot;imageId&quot;:&quot;69e8c138d8c6e&quot;}\" data-wp-interactive=\"core\/image\" data-wp-key=\"69e8c138d8c6e\" class=\"wp-block-image size-large wp-lightbox-container\"><img loading=\"lazy\" decoding=\"async\" width=\"2000\" height=\"1118\" data-wp-class--hide=\"state.isContentHidden\" data-wp-class--show=\"state.isContentVisible\" data-wp-init=\"callbacks.setButtonStyles\" data-wp-on--click=\"actions.showLightbox\" data-wp-on--load=\"callbacks.setButtonStyles\" data-wp-on-window--resize=\"callbacks.setButtonStyles\" src=\"https:\/\/www.pedrobrito.eu\/wp\/wp-content\/uploads\/2020\/01\/Motivo_Futil2-2000x1118.jpg\" alt=\"\" class=\"wp-image-1367\" srcset=\"https:\/\/www.pedrobrito.eu\/wp\/wp-content\/uploads\/2020\/01\/Motivo_Futil2-2000x1118.jpg 2000w, https:\/\/www.pedrobrito.eu\/wp\/wp-content\/uploads\/2020\/01\/Motivo_Futil2-300x168.jpg 300w, https:\/\/www.pedrobrito.eu\/wp\/wp-content\/uploads\/2020\/01\/Motivo_Futil2-611x341.jpg 611w\" sizes=\"auto, (max-width: 2000px) 100vw, 2000px\" \/><button\n\t\t\tclass=\"lightbox-trigger\"\n\t\t\ttype=\"button\"\n\t\t\taria-haspopup=\"dialog\"\n\t\t\taria-label=\"Ampliar\"\n\t\t\tdata-wp-init=\"callbacks.initTriggerButton\"\n\t\t\tdata-wp-on--click=\"actions.showLightbox\"\n\t\t\tdata-wp-style--right=\"state.imageButtonRight\"\n\t\t\tdata-wp-style--top=\"state.imageButtonTop\"\n\t\t>\n\t\t\t<svg xmlns=\"http:\/\/www.w3.org\/2000\/svg\" width=\"12\" height=\"12\" fill=\"none\" viewBox=\"0 0 12 12\">\n\t\t\t\t<path fill=\"#fff\" d=\"M2 0a2 2 0 0 0-2 2v2h1.5V2a.5.5 0 0 1 .5-.5h2V0H2Zm2 10.5H2a.5.5 0 0 1-.5-.5V8H0v2a2 2 0 0 0 2 2h2v-1.5ZM8 12v-1.5h2a.5.5 0 0 0 .5-.5V8H12v2a2 2 0 0 1-2 2H8Zm2-12a2 2 0 0 1 2 2v2h-1.5V2a.5.5 0 0 0-.5-.5H8V0h2Z\" \/>\n\t\t\t<\/svg>\n\t\t<\/button><figcaption class=\"wp-element-caption\">Motivo F\u00fatil &#8211; artigo de opini\u00e3o <a href=\"https:\/\/www.pedrobrito.eu\/wp\/2020\/02\/04\/motivo-futil\/\">[+]<\/a><\/figcaption><\/figure>\n\n\n\n<figure data-wp-context=\"{&quot;imageId&quot;:&quot;69e8c138d984d&quot;}\" data-wp-interactive=\"core\/image\" data-wp-key=\"69e8c138d984d\" class=\"wp-block-image size-full wp-lightbox-container\"><img loading=\"lazy\" decoding=\"async\" width=\"800\" height=\"758\" data-wp-class--hide=\"state.isContentHidden\" data-wp-class--show=\"state.isContentVisible\" data-wp-init=\"callbacks.setButtonStyles\" data-wp-on--click=\"actions.showLightbox\" data-wp-on--load=\"callbacks.setButtonStyles\" data-wp-on-window--resize=\"callbacks.setButtonStyles\" src=\"https:\/\/www.pedrobrito.eu\/wp\/wp-content\/uploads\/2024\/01\/perguntei-ao-mestre.jpg\" alt=\"\" class=\"wp-image-2028\" srcset=\"https:\/\/www.pedrobrito.eu\/wp\/wp-content\/uploads\/2024\/01\/perguntei-ao-mestre.jpg 800w, https:\/\/www.pedrobrito.eu\/wp\/wp-content\/uploads\/2024\/01\/perguntei-ao-mestre-300x284.jpg 300w, https:\/\/www.pedrobrito.eu\/wp\/wp-content\/uploads\/2024\/01\/perguntei-ao-mestre-400x379.jpg 400w\" sizes=\"auto, (max-width: 800px) 100vw, 800px\" \/><button\n\t\t\tclass=\"lightbox-trigger\"\n\t\t\ttype=\"button\"\n\t\t\taria-haspopup=\"dialog\"\n\t\t\taria-label=\"Ampliar\"\n\t\t\tdata-wp-init=\"callbacks.initTriggerButton\"\n\t\t\tdata-wp-on--click=\"actions.showLightbox\"\n\t\t\tdata-wp-style--right=\"state.imageButtonRight\"\n\t\t\tdata-wp-style--top=\"state.imageButtonTop\"\n\t\t>\n\t\t\t<svg xmlns=\"http:\/\/www.w3.org\/2000\/svg\" width=\"12\" height=\"12\" fill=\"none\" viewBox=\"0 0 12 12\">\n\t\t\t\t<path fill=\"#fff\" d=\"M2 0a2 2 0 0 0-2 2v2h1.5V2a.5.5 0 0 1 .5-.5h2V0H2Zm2 10.5H2a.5.5 0 0 1-.5-.5V8H0v2a2 2 0 0 0 2 2h2v-1.5ZM8 12v-1.5h2a.5.5 0 0 0 .5-.5V8H12v2a2 2 0 0 1-2 2H8Zm2-12a2 2 0 0 1 2 2v2h-1.5V2a.5.5 0 0 0-.5-.5H8V0h2Z\" \/>\n\t\t\t<\/svg>\n\t\t<\/button><figcaption class=\"wp-element-caption\">GENTALHA, talvez n\u00e3o, Mas GENTIOS\u2026 Artigo de opini\u00e3o <a href=\"https:\/\/www.pedrobrito.eu\/wp\/2024\/01\/28\/gentalha-talvez-nao-mas-gentios\/\">[+]<\/a><\/figcaption><\/figure>\n\n\n\n<figure data-wp-context=\"{&quot;imageId&quot;:&quot;69e8c138da3f6&quot;}\" data-wp-interactive=\"core\/image\" data-wp-key=\"69e8c138da3f6\" class=\"wp-block-image size-full wp-lightbox-container\"><img loading=\"lazy\" decoding=\"async\" width=\"1200\" height=\"833\" data-wp-class--hide=\"state.isContentHidden\" data-wp-class--show=\"state.isContentVisible\" data-wp-init=\"callbacks.setButtonStyles\" data-wp-on--click=\"actions.showLightbox\" data-wp-on--load=\"callbacks.setButtonStyles\" data-wp-on-window--resize=\"callbacks.setButtonStyles\" src=\"https:\/\/www.pedrobrito.eu\/wp\/wp-content\/uploads\/2024\/04\/capitao-vacina.jpg\" alt=\"\" class=\"wp-image-3449\" srcset=\"https:\/\/www.pedrobrito.eu\/wp\/wp-content\/uploads\/2024\/04\/capitao-vacina.jpg 1200w, https:\/\/www.pedrobrito.eu\/wp\/wp-content\/uploads\/2024\/04\/capitao-vacina-300x208.jpg 300w, https:\/\/www.pedrobrito.eu\/wp\/wp-content\/uploads\/2024\/04\/capitao-vacina-400x278.jpg 400w, https:\/\/www.pedrobrito.eu\/wp\/wp-content\/uploads\/2024\/04\/capitao-vacina-800x555.jpg 800w\" sizes=\"auto, (max-width: 1200px) 100vw, 1200px\" \/><button\n\t\t\tclass=\"lightbox-trigger\"\n\t\t\ttype=\"button\"\n\t\t\taria-haspopup=\"dialog\"\n\t\t\taria-label=\"Ampliar\"\n\t\t\tdata-wp-init=\"callbacks.initTriggerButton\"\n\t\t\tdata-wp-on--click=\"actions.showLightbox\"\n\t\t\tdata-wp-style--right=\"state.imageButtonRight\"\n\t\t\tdata-wp-style--top=\"state.imageButtonTop\"\n\t\t>\n\t\t\t<svg xmlns=\"http:\/\/www.w3.org\/2000\/svg\" width=\"12\" height=\"12\" fill=\"none\" viewBox=\"0 0 12 12\">\n\t\t\t\t<path fill=\"#fff\" d=\"M2 0a2 2 0 0 0-2 2v2h1.5V2a.5.5 0 0 1 .5-.5h2V0H2Zm2 10.5H2a.5.5 0 0 1-.5-.5V8H0v2a2 2 0 0 0 2 2h2v-1.5ZM8 12v-1.5h2a.5.5 0 0 0 .5-.5V8H12v2a2 2 0 0 1-2 2H8Zm2-12a2 2 0 0 1 2 2v2h-1.5V2a.5.5 0 0 0-.5-.5H8V0h2Z\" \/>\n\t\t\t<\/svg>\n\t\t<\/button><figcaption class=\"wp-element-caption\">\u201cA partir do momento em que os alunos s\u00e3o testados e d\u00e3o negativo podem voltar, automaticamente, \u00e0 escola.\u201d Tiago Brand\u00e3o, Ministro da Educa\u00e7\u00e3o<\/figcaption><\/figure>\n\n\n\n<figure data-wp-context=\"{&quot;imageId&quot;:&quot;69e8c138daf76&quot;}\" data-wp-interactive=\"core\/image\" data-wp-key=\"69e8c138daf76\" class=\"wp-block-image size-full wp-lightbox-container\"><img loading=\"lazy\" decoding=\"async\" width=\"1514\" height=\"1135\" data-wp-class--hide=\"state.isContentHidden\" data-wp-class--show=\"state.isContentVisible\" data-wp-init=\"callbacks.setButtonStyles\" data-wp-on--click=\"actions.showLightbox\" data-wp-on--load=\"callbacks.setButtonStyles\" data-wp-on-window--resize=\"callbacks.setButtonStyles\" src=\"https:\/\/www.pedrobrito.eu\/wp\/wp-content\/uploads\/2020\/10\/distanciamento-social-2.jpg\" alt=\"\" class=\"wp-image-1447\" srcset=\"https:\/\/www.pedrobrito.eu\/wp\/wp-content\/uploads\/2020\/10\/distanciamento-social-2.jpg 1514w, https:\/\/www.pedrobrito.eu\/wp\/wp-content\/uploads\/2020\/10\/distanciamento-social-2-300x225.jpg 300w, https:\/\/www.pedrobrito.eu\/wp\/wp-content\/uploads\/2020\/10\/distanciamento-social-2-534x400.jpg 534w\" sizes=\"auto, (max-width: 1514px) 100vw, 1514px\" \/><button\n\t\t\tclass=\"lightbox-trigger\"\n\t\t\ttype=\"button\"\n\t\t\taria-haspopup=\"dialog\"\n\t\t\taria-label=\"Ampliar\"\n\t\t\tdata-wp-init=\"callbacks.initTriggerButton\"\n\t\t\tdata-wp-on--click=\"actions.showLightbox\"\n\t\t\tdata-wp-style--right=\"state.imageButtonRight\"\n\t\t\tdata-wp-style--top=\"state.imageButtonTop\"\n\t\t>\n\t\t\t<svg xmlns=\"http:\/\/www.w3.org\/2000\/svg\" width=\"12\" height=\"12\" fill=\"none\" viewBox=\"0 0 12 12\">\n\t\t\t\t<path fill=\"#fff\" d=\"M2 0a2 2 0 0 0-2 2v2h1.5V2a.5.5 0 0 1 .5-.5h2V0H2Zm2 10.5H2a.5.5 0 0 1-.5-.5V8H0v2a2 2 0 0 0 2 2h2v-1.5ZM8 12v-1.5h2a.5.5 0 0 0 .5-.5V8H12v2a2 2 0 0 1-2 2H8Zm2-12a2 2 0 0 1 2 2v2h-1.5V2a.5.5 0 0 0-.5-.5H8V0h2Z\" \/>\n\t\t\t<\/svg>\n\t\t<\/button><figcaption class=\"wp-element-caption\">Vai ficar tudo bem!<\/figcaption><\/figure>\n\n\n\n<figure data-wp-context=\"{&quot;imageId&quot;:&quot;69e8c138dba90&quot;}\" data-wp-interactive=\"core\/image\" data-wp-key=\"69e8c138dba90\" class=\"wp-block-image size-full wp-lightbox-container\"><img loading=\"lazy\" decoding=\"async\" width=\"2560\" height=\"1769\" data-wp-class--hide=\"state.isContentHidden\" data-wp-class--show=\"state.isContentVisible\" data-wp-init=\"callbacks.setButtonStyles\" data-wp-on--click=\"actions.showLightbox\" data-wp-on--load=\"callbacks.setButtonStyles\" data-wp-on-window--resize=\"callbacks.setButtonStyles\" src=\"https:\/\/www.pedrobrito.eu\/wp\/wp-content\/uploads\/2024\/04\/misterio-da-reeducacao-scaled.jpg\" alt=\"\" class=\"wp-image-3451\" srcset=\"https:\/\/www.pedrobrito.eu\/wp\/wp-content\/uploads\/2024\/04\/misterio-da-reeducacao-scaled.jpg 2560w, https:\/\/www.pedrobrito.eu\/wp\/wp-content\/uploads\/2024\/04\/misterio-da-reeducacao-300x207.jpg 300w, https:\/\/www.pedrobrito.eu\/wp\/wp-content\/uploads\/2024\/04\/misterio-da-reeducacao-2000x1382.jpg 2000w, https:\/\/www.pedrobrito.eu\/wp\/wp-content\/uploads\/2024\/04\/misterio-da-reeducacao-1536x1061.jpg 1536w, https:\/\/www.pedrobrito.eu\/wp\/wp-content\/uploads\/2024\/04\/misterio-da-reeducacao-2048x1415.jpg 2048w, https:\/\/www.pedrobrito.eu\/wp\/wp-content\/uploads\/2024\/04\/misterio-da-reeducacao-1870x1292.jpg 1870w, https:\/\/www.pedrobrito.eu\/wp\/wp-content\/uploads\/2024\/04\/misterio-da-reeducacao-400x276.jpg 400w, https:\/\/www.pedrobrito.eu\/wp\/wp-content\/uploads\/2024\/04\/misterio-da-reeducacao-800x553.jpg 800w\" sizes=\"auto, (max-width: 2560px) 100vw, 2560px\" \/><button\n\t\t\tclass=\"lightbox-trigger\"\n\t\t\ttype=\"button\"\n\t\t\taria-haspopup=\"dialog\"\n\t\t\taria-label=\"Ampliar\"\n\t\t\tdata-wp-init=\"callbacks.initTriggerButton\"\n\t\t\tdata-wp-on--click=\"actions.showLightbox\"\n\t\t\tdata-wp-style--right=\"state.imageButtonRight\"\n\t\t\tdata-wp-style--top=\"state.imageButtonTop\"\n\t\t>\n\t\t\t<svg xmlns=\"http:\/\/www.w3.org\/2000\/svg\" width=\"12\" height=\"12\" fill=\"none\" viewBox=\"0 0 12 12\">\n\t\t\t\t<path fill=\"#fff\" d=\"M2 0a2 2 0 0 0-2 2v2h1.5V2a.5.5 0 0 1 .5-.5h2V0H2Zm2 10.5H2a.5.5 0 0 1-.5-.5V8H0v2a2 2 0 0 0 2 2h2v-1.5ZM8 12v-1.5h2a.5.5 0 0 0 .5-.5V8H12v2a2 2 0 0 1-2 2H8Zm2-12a2 2 0 0 1 2 2v2h-1.5V2a.5.5 0 0 0-.5-.5H8V0h2Z\" \/>\n\t\t\t<\/svg>\n\t\t<\/button><figcaption class=\"wp-element-caption\">\u201dFoi uma decis\u00e3o cientifica. N\u00e3o tenho d\u00favidas de que a maioria dos professores ia tomar na mesma.&#8221;<\/figcaption><\/figure>\n\n\n\n<figure data-wp-context=\"{&quot;imageId&quot;:&quot;69e8c138dc579&quot;}\" data-wp-interactive=\"core\/image\" data-wp-key=\"69e8c138dc579\" class=\"wp-block-image size-full wp-lightbox-container\"><img loading=\"lazy\" decoding=\"async\" width=\"2560\" height=\"1008\" data-wp-class--hide=\"state.isContentHidden\" data-wp-class--show=\"state.isContentVisible\" data-wp-init=\"callbacks.setButtonStyles\" data-wp-on--click=\"actions.showLightbox\" data-wp-on--load=\"callbacks.setButtonStyles\" data-wp-on-window--resize=\"callbacks.setButtonStyles\" src=\"https:\/\/www.pedrobrito.eu\/wp\/wp-content\/uploads\/2024\/04\/filinto-capa-surtos-scaled.jpg\" alt=\"\" class=\"wp-image-3455\" srcset=\"https:\/\/www.pedrobrito.eu\/wp\/wp-content\/uploads\/2024\/04\/filinto-capa-surtos-scaled.jpg 2560w, https:\/\/www.pedrobrito.eu\/wp\/wp-content\/uploads\/2024\/04\/filinto-capa-surtos-300x118.jpg 300w, https:\/\/www.pedrobrito.eu\/wp\/wp-content\/uploads\/2024\/04\/filinto-capa-surtos-2000x787.jpg 2000w, https:\/\/www.pedrobrito.eu\/wp\/wp-content\/uploads\/2024\/04\/filinto-capa-surtos-1536x605.jpg 1536w, https:\/\/www.pedrobrito.eu\/wp\/wp-content\/uploads\/2024\/04\/filinto-capa-surtos-2048x806.jpg 2048w, https:\/\/www.pedrobrito.eu\/wp\/wp-content\/uploads\/2024\/04\/filinto-capa-surtos-1870x736.jpg 1870w, https:\/\/www.pedrobrito.eu\/wp\/wp-content\/uploads\/2024\/04\/filinto-capa-surtos-400x157.jpg 400w, https:\/\/www.pedrobrito.eu\/wp\/wp-content\/uploads\/2024\/04\/filinto-capa-surtos-800x315.jpg 800w\" sizes=\"auto, (max-width: 2560px) 100vw, 2560px\" \/><button\n\t\t\tclass=\"lightbox-trigger\"\n\t\t\ttype=\"button\"\n\t\t\taria-haspopup=\"dialog\"\n\t\t\taria-label=\"Ampliar\"\n\t\t\tdata-wp-init=\"callbacks.initTriggerButton\"\n\t\t\tdata-wp-on--click=\"actions.showLightbox\"\n\t\t\tdata-wp-style--right=\"state.imageButtonRight\"\n\t\t\tdata-wp-style--top=\"state.imageButtonTop\"\n\t\t>\n\t\t\t<svg xmlns=\"http:\/\/www.w3.org\/2000\/svg\" width=\"12\" height=\"12\" fill=\"none\" viewBox=\"0 0 12 12\">\n\t\t\t\t<path fill=\"#fff\" d=\"M2 0a2 2 0 0 0-2 2v2h1.5V2a.5.5 0 0 1 .5-.5h2V0H2Zm2 10.5H2a.5.5 0 0 1-.5-.5V8H0v2a2 2 0 0 0 2 2h2v-1.5ZM8 12v-1.5h2a.5.5 0 0 0 .5-.5V8H12v2a2 2 0 0 1-2 2H8Zm2-12a2 2 0 0 1 2 2v2h-1.5V2a.5.5 0 0 0-.5-.5H8V0h2Z\" \/>\n\t\t\t<\/svg>\n\t\t<\/button><figcaption class=\"wp-element-caption\">Diretores com super poderes n\u00e3o encontram surtos epid\u00e9micos nas escolas<\/figcaption><\/figure>\n\n\n\n<figure data-wp-context=\"{&quot;imageId&quot;:&quot;69e8c138dd0c1&quot;}\" data-wp-interactive=\"core\/image\" data-wp-key=\"69e8c138dd0c1\" class=\"wp-block-image size-full wp-lightbox-container\"><img loading=\"lazy\" decoding=\"async\" width=\"1200\" height=\"559\" data-wp-class--hide=\"state.isContentHidden\" data-wp-class--show=\"state.isContentVisible\" data-wp-init=\"callbacks.setButtonStyles\" data-wp-on--click=\"actions.showLightbox\" data-wp-on--load=\"callbacks.setButtonStyles\" data-wp-on-window--resize=\"callbacks.setButtonStyles\" src=\"https:\/\/www.pedrobrito.eu\/wp\/wp-content\/uploads\/2024\/04\/capa-ensino-a-distancia.jpg\" alt=\"\" class=\"wp-image-3453\" srcset=\"https:\/\/www.pedrobrito.eu\/wp\/wp-content\/uploads\/2024\/04\/capa-ensino-a-distancia.jpg 1200w, https:\/\/www.pedrobrito.eu\/wp\/wp-content\/uploads\/2024\/04\/capa-ensino-a-distancia-300x140.jpg 300w, https:\/\/www.pedrobrito.eu\/wp\/wp-content\/uploads\/2024\/04\/capa-ensino-a-distancia-400x186.jpg 400w, https:\/\/www.pedrobrito.eu\/wp\/wp-content\/uploads\/2024\/04\/capa-ensino-a-distancia-800x373.jpg 800w\" sizes=\"auto, (max-width: 1200px) 100vw, 1200px\" \/><button\n\t\t\tclass=\"lightbox-trigger\"\n\t\t\ttype=\"button\"\n\t\t\taria-haspopup=\"dialog\"\n\t\t\taria-label=\"Ampliar\"\n\t\t\tdata-wp-init=\"callbacks.initTriggerButton\"\n\t\t\tdata-wp-on--click=\"actions.showLightbox\"\n\t\t\tdata-wp-style--right=\"state.imageButtonRight\"\n\t\t\tdata-wp-style--top=\"state.imageButtonTop\"\n\t\t>\n\t\t\t<svg xmlns=\"http:\/\/www.w3.org\/2000\/svg\" width=\"12\" height=\"12\" fill=\"none\" viewBox=\"0 0 12 12\">\n\t\t\t\t<path fill=\"#fff\" d=\"M2 0a2 2 0 0 0-2 2v2h1.5V2a.5.5 0 0 1 .5-.5h2V0H2Zm2 10.5H2a.5.5 0 0 1-.5-.5V8H0v2a2 2 0 0 0 2 2h2v-1.5ZM8 12v-1.5h2a.5.5 0 0 0 .5-.5V8H12v2a2 2 0 0 1-2 2H8Zm2-12a2 2 0 0 1 2 2v2h-1.5V2a.5.5 0 0 0-.5-.5H8V0h2Z\" \/>\n\t\t\t<\/svg>\n\t\t<\/button><figcaption class=\"wp-element-caption\">Ensino \u00e0 dist\u00e2ncia<\/figcaption><\/figure>\n<\/div>\n<\/div>\n\n\n\n<div class=\"wp-block-columns is-layout-flex wp-container-core-columns-is-layout-9d6595d7 wp-block-columns-is-layout-flex\">\n<div class=\"wp-block-column is-layout-flow wp-block-column-is-layout-flow\">\n<div class=\"wp-block-buttons is-content-justification-center is-layout-flex wp-container-core-buttons-is-layout-16018d1d wp-block-buttons-is-layout-flex\">\n<div class=\"wp-block-button\"><a class=\"wp-block-button__link wp-element-button\" href=\"#politico\">voltar ao in\u00edcio<\/a><\/div>\n<\/div>\n<\/div>\n<\/div>\n<\/div><\/div>\n","protected":false},"excerpt":{"rendered":"<p>\u201cvai Ficar Tudo Bem\u201d, pertence a um projeto de interven\u00e7\u00e3o\/conscencializa\u00e7\u00e3o social acerca das contradi\u00e7\u00f5es que se vive nas escolas portuguesas em tempo de pandemia. O discurso \u201causente\u201d e contradit\u00f3rio da tutela \u00e9 elemento central nesta ilustra\u00e7\u00e3o<\/p>\n","protected":false},"author":1,"featured_media":0,"parent":0,"menu_order":0,"comment_status":"closed","ping_status":"closed","template":"","meta":{"advanced_seo_description":"","jetpack_seo_html_title":"","jetpack_seo_noindex":false,"footnotes":""},"class_list":["post-3269","page","type-page","status-publish","hentry","missing-thumbnail"],"jetpack_likes_enabled":false,"jetpack_sharing_enabled":true,"_links":{"self":[{"href":"https:\/\/www.pedrobrito.eu\/wp\/wp-json\/wp\/v2\/pages\/3269","targetHints":{"allow":["GET"]}}],"collection":[{"href":"https:\/\/www.pedrobrito.eu\/wp\/wp-json\/wp\/v2\/pages"}],"about":[{"href":"https:\/\/www.pedrobrito.eu\/wp\/wp-json\/wp\/v2\/types\/page"}],"author":[{"embeddable":true,"href":"https:\/\/www.pedrobrito.eu\/wp\/wp-json\/wp\/v2\/users\/1"}],"replies":[{"embeddable":true,"href":"https:\/\/www.pedrobrito.eu\/wp\/wp-json\/wp\/v2\/comments?post=3269"}],"version-history":[{"count":13,"href":"https:\/\/www.pedrobrito.eu\/wp\/wp-json\/wp\/v2\/pages\/3269\/revisions"}],"predecessor-version":[{"id":3457,"href":"https:\/\/www.pedrobrito.eu\/wp\/wp-json\/wp\/v2\/pages\/3269\/revisions\/3457"}],"wp:attachment":[{"href":"https:\/\/www.pedrobrito.eu\/wp\/wp-json\/wp\/v2\/media?parent=3269"}],"curies":[{"name":"wp","href":"https:\/\/api.w.org\/{rel}","templated":true}]}}